{"id":29,"date":"2019-11-27T09:04:19","date_gmt":"2019-11-27T09:04:19","guid":{"rendered":"http:\/\/teamred.pl\/?page_id=29"},"modified":"2024-01-19T16:57:39","modified_gmt":"2024-01-19T16:57:39","slug":"teamred","status":"publish","type":"page","link":"https:\/\/teamred.pl\/en\/","title":{"rendered":"TeamRed"},"content":{"rendered":"<div data-elementor-type=\"wp-page\" data-elementor-id=\"29\" class=\"elementor elementor-29\" data-elementor-post-type=\"page\">\n\t\t\t\t\t\t\t\t\t<section class=\"elementor-section elementor-top-section elementor-element elementor-element-630f7d03 elementor-section-content-middle elementor-section-height-full elementor-section-boxed elementor-section-height-default elementor-section-items-middle\" data-id=\"630f7d03\" data-element_type=\"section\">\n\t\t\t\t\t\t<div class=\"elementor-container elementor-column-gap-no\">\n\t\t\t\t\t<div class=\"elementor-column elementor-col-100 elementor-top-column elementor-element elementor-element-6f724622\" data-id=\"6f724622\" data-element_type=\"column\">\n\t\t\t<div class=\"elementor-widget-wrap elementor-element-populated\">\n\t\t\t\t\t\t\t\t<section class=\"elementor-section elementor-inner-section elementor-element elementor-element-6e41bbdf elementor-section-content-middle elementor-section-boxed elementor-section-height-default elementor-section-height-default\" data-id=\"6e41bbdf\" data-element_type=\"section\">\n\t\t\t\t\t\t<div class=\"elementor-container elementor-column-gap-no\">\n\t\t\t\t\t<div class=\"elementor-column elementor-col-50 elementor-inner-column elementor-element elementor-element-5e275c69\" data-id=\"5e275c69\" data-element_type=\"column\">\n\t\t\t<div class=\"elementor-widget-wrap elementor-element-populated\">\n\t\t\t\t\t\t\t\t<div class=\"elementor-element elementor-element-1ed2520a elementor-widget elementor-widget-image\" data-id=\"1ed2520a\" data-element_type=\"widget\" data-widget_type=\"image.default\">\n\t\t\t\t<div class=\"elementor-widget-container\">\n\t\t\t\t\t\t\t\t\t\t\t\t\t\t\t\t<a href=\"https:\/\/teamred.pl\/en\/outsourcing\/\">\n\t\t\t\t\t\t\t<img fetchpriority=\"high\" decoding=\"async\" width=\"800\" height=\"448\" src=\"https:\/\/teamred.pl\/wp-content\/uploads\/2021\/10\/business-ge5380c7f7_1920-1024x573.jpg\" class=\"attachment-large size-large wp-image-419\" alt=\"\" srcset=\"https:\/\/teamred.pl\/wp-content\/uploads\/2021\/10\/business-ge5380c7f7_1920-1024x573.jpg 1024w, https:\/\/teamred.pl\/wp-content\/uploads\/2021\/10\/business-ge5380c7f7_1920-300x168.jpg 300w, https:\/\/teamred.pl\/wp-content\/uploads\/2021\/10\/business-ge5380c7f7_1920-768x430.jpg 768w, https:\/\/teamred.pl\/wp-content\/uploads\/2021\/10\/business-ge5380c7f7_1920-1536x860.jpg 1536w, https:\/\/teamred.pl\/wp-content\/uploads\/2021\/10\/business-ge5380c7f7_1920.jpg 1920w\" sizes=\"(max-width: 800px) 100vw, 800px\" \/>\t\t\t\t\t\t\t\t<\/a>\n\t\t\t\t\t\t\t\t\t\t\t\t\t\t\t<\/div>\n\t\t\t\t<\/div>\n\t\t\t\t\t<\/div>\n\t\t<\/div>\n\t\t\t\t<div class=\"elementor-column elementor-col-50 elementor-inner-column elementor-element elementor-element-26b845f6\" data-id=\"26b845f6\" data-element_type=\"column\">\n\t\t\t<div class=\"elementor-widget-wrap elementor-element-populated\">\n\t\t\t\t\t\t\t\t<div class=\"elementor-element elementor-element-2e2bb91f elementor-widget elementor-widget-heading\" data-id=\"2e2bb91f\" data-element_type=\"widget\" data-widget_type=\"heading.default\">\n\t\t\t\t<div class=\"elementor-widget-container\">\n\t\t\t<h2 class=\"elementor-heading-title elementor-size-default\"><a href=\"https:\/\/teamred.pl\/en\/outsourcing\/\">IT OUTSOURCING<\/a><\/h2>\t\t<\/div>\n\t\t\t\t<\/div>\n\t\t\t\t<div class=\"elementor-element elementor-element-21e95e7c elementor-widget elementor-widget-text-editor\" data-id=\"21e95e7c\" data-element_type=\"widget\" data-widget_type=\"text-editor.default\">\n\t\t\t\t<div class=\"elementor-widget-container\">\n\t\t\t\t\t\t\t<p><strong>The IT market is heading towards flexible forms of cooperation. On the one hand, it is an opportunity for engineers to gain experience faster in the areas that interest them, on the other hand, it is a challenge for companies that need to constantly scan the job market. Contact us to learn how your company can benefit from the experience of our engineers, freeing itself from the burdensome processes of recruitment and maintaining teams of specialists.<\/strong><\/p>\t\t\t\t\t\t<\/div>\n\t\t\t\t<\/div>\n\t\t\t\t\t<\/div>\n\t\t<\/div>\n\t\t\t\t\t\t\t<\/div>\n\t\t<\/section>\n\t\t\t\t<section class=\"elementor-section elementor-inner-section elementor-element elementor-element-4720fa25 elementor-section-content-middle elementor-reverse-mobile elementor-section-boxed elementor-section-height-default elementor-section-height-default\" data-id=\"4720fa25\" data-element_type=\"section\">\n\t\t\t\t\t\t<div class=\"elementor-container elementor-column-gap-no\">\n\t\t\t\t\t<div class=\"elementor-column elementor-col-50 elementor-inner-column elementor-element elementor-element-16fe3a18\" data-id=\"16fe3a18\" data-element_type=\"column\">\n\t\t\t<div class=\"elementor-widget-wrap elementor-element-populated\">\n\t\t\t\t\t\t\t\t<div class=\"elementor-element elementor-element-63ed2d68 elementor-widget elementor-widget-heading\" data-id=\"63ed2d68\" data-element_type=\"widget\" data-widget_type=\"heading.default\">\n\t\t\t\t<div class=\"elementor-widget-container\">\n\t\t\t<h2 class=\"elementor-heading-title elementor-size-default\"><a href=\"https:\/\/teamred.pl\/en\/przetargi-federalne\/\">FEDERAL TENDERS<\/a><\/h2>\t\t<\/div>\n\t\t\t\t<\/div>\n\t\t\t\t<div class=\"elementor-element elementor-element-6639f877 elementor-widget elementor-widget-text-editor\" data-id=\"6639f877\" data-element_type=\"widget\" data-widget_type=\"text-editor.default\">\n\t\t\t\t<div class=\"elementor-widget-container\">\n\t\t\t\t\t\t\t<p><strong>The presence of US troops in Poland is not only a matter of increasing the security and prestige of our country. It is also a significant market related to ensuring the construction, development, and maintenance of American bases. Find out how your company can benefit from the planned investments in the coming years.<\/strong><\/p>\t\t\t\t\t\t<\/div>\n\t\t\t\t<\/div>\n\t\t\t\t\t<\/div>\n\t\t<\/div>\n\t\t\t\t<div class=\"elementor-column elementor-col-50 elementor-inner-column elementor-element elementor-element-777a83c3\" data-id=\"777a83c3\" data-element_type=\"column\">\n\t\t\t<div class=\"elementor-widget-wrap elementor-element-populated\">\n\t\t\t\t\t\t\t\t<div class=\"elementor-element elementor-element-3f83563 elementor-widget elementor-widget-image\" data-id=\"3f83563\" data-element_type=\"widget\" data-widget_type=\"image.default\">\n\t\t\t\t<div class=\"elementor-widget-container\">\n\t\t\t\t\t\t\t\t\t\t\t\t\t\t\t\t<a href=\"https:\/\/teamred.pl\/en\/przetargi-federalne\/\">\n\t\t\t\t\t\t\t<img decoding=\"async\" width=\"800\" height=\"481\" src=\"https:\/\/teamred.pl\/wp-content\/uploads\/2019\/11\/soldiers-1002_1920-1024x616.jpg\" class=\"attachment-large size-large wp-image-89\" alt=\"\" srcset=\"https:\/\/teamred.pl\/wp-content\/uploads\/2019\/11\/soldiers-1002_1920-1024x616.jpg 1024w, https:\/\/teamred.pl\/wp-content\/uploads\/2019\/11\/soldiers-1002_1920-300x180.jpg 300w, https:\/\/teamred.pl\/wp-content\/uploads\/2019\/11\/soldiers-1002_1920-768x462.jpg 768w, https:\/\/teamred.pl\/wp-content\/uploads\/2019\/11\/soldiers-1002_1920-1536x924.jpg 1536w, https:\/\/teamred.pl\/wp-content\/uploads\/2019\/11\/soldiers-1002_1920.jpg 1920w\" sizes=\"(max-width: 800px) 100vw, 800px\" \/>\t\t\t\t\t\t\t\t<\/a>\n\t\t\t\t\t\t\t\t\t\t\t\t\t\t\t<\/div>\n\t\t\t\t<\/div>\n\t\t\t\t\t<\/div>\n\t\t<\/div>\n\t\t\t\t\t\t\t<\/div>\n\t\t<\/section>\n\t\t\t\t\t<\/div>\n\t\t<\/div>\n\t\t\t\t\t\t\t<\/div>\n\t\t<\/section>\n\t\t\t\t\t\t\t<\/div>","protected":false},"excerpt":{"rendered":"<p>OUTSOURCING IT Rynek IT\u00a0 zmierza w kierunku elastycznych form wsp\u00f3\u0142pracy. Z jednej strony to szansa dla in\u017cynier\u00f3w na szybsze zdobywanie do\u015bwiadczenia w interesuj\u0105cych ich obszarach, z drugiej wyzwanie dla firm zwi\u0105zane z ci\u0105g\u0142ym skanowaniem rynku pracy. Skontaktuj si\u0119 z nami i dowiedz si\u0119 jak Twoja firma mo\u017ce skorzysta\u0107 z doswiadcze\u0144 naszych in\u017cynier\u00f3w uwalniaj\u0105c si\u0119 od [&hellip;]<\/p>","protected":false},"author":1,"featured_media":0,"parent":0,"menu_order":0,"comment_status":"closed","ping_status":"closed","template":"elementor_header_footer","meta":{"footnotes":""},"_links":{"self":[{"href":"https:\/\/teamred.pl\/en\/wp-json\/wp\/v2\/pages\/29"}],"collection":[{"href":"https:\/\/teamred.pl\/en\/wp-json\/wp\/v2\/pages"}],"about":[{"href":"https:\/\/teamred.pl\/en\/wp-json\/wp\/v2\/types\/page"}],"author":[{"embeddable":true,"href":"https:\/\/teamred.pl\/en\/wp-json\/wp\/v2\/users\/1"}],"replies":[{"embeddable":true,"href":"https:\/\/teamred.pl\/en\/wp-json\/wp\/v2\/comments?post=29"}],"version-history":[{"count":161,"href":"https:\/\/teamred.pl\/en\/wp-json\/wp\/v2\/pages\/29\/revisions"}],"predecessor-version":[{"id":673,"href":"https:\/\/teamred.pl\/en\/wp-json\/wp\/v2\/pages\/29\/revisions\/673"}],"wp:attachment":[{"href":"https:\/\/teamred.pl\/en\/wp-json\/wp\/v2\/media?parent=29"}],"curies":[{"name":"wp","href":"https:\/\/api.w.org\/{rel}","templated":true}]}}