{"id":461,"date":"2021-10-30T21:38:51","date_gmt":"2021-10-30T21:38:51","guid":{"rendered":"http:\/\/teamred.pl\/?page_id=461"},"modified":"2025-07-29T14:49:57","modified_gmt":"2025-07-29T14:49:57","slug":"about","status":"publish","type":"page","link":"https:\/\/teamred.pl\/en\/about\/","title":{"rendered":"TeamRed &#8211; about"},"content":{"rendered":"<div data-elementor-type=\"wp-page\" data-elementor-id=\"461\" class=\"elementor elementor-461\" data-elementor-post-type=\"page\">\n\t\t\t\t\t\t\t\t\t<section class=\"elementor-section elementor-top-section elementor-element elementor-element-1ed1340c elementor-section-content-middle elementor-reverse-mobile elementor-section-boxed elementor-section-height-default elementor-section-height-default\" data-id=\"1ed1340c\" data-element_type=\"section\" id=\"About\" data-settings=\"{&quot;background_background&quot;:&quot;classic&quot;}\">\n\t\t\t\t\t\t<div class=\"elementor-container elementor-column-gap-no\">\n\t\t\t\t\t<div class=\"elementor-column elementor-col-50 elementor-top-column elementor-element elementor-element-691c3074\" data-id=\"691c3074\" data-element_type=\"column\">\n\t\t\t<div class=\"elementor-widget-wrap elementor-element-populated\">\n\t\t\t\t\t\t\t\t<div class=\"elementor-element elementor-element-0554651 elementor-widget elementor-widget-heading\" data-id=\"0554651\" data-element_type=\"widget\" data-widget_type=\"heading.default\">\n\t\t\t\t<div class=\"elementor-widget-container\">\n\t\t\t<h5 class=\"elementor-heading-title elementor-size-default\">ABOUT US<\/h5>\t\t<\/div>\n\t\t\t\t<\/div>\n\t\t\t\t<div class=\"elementor-element elementor-element-53ab376 elementor-widget-divider--view-line elementor-widget elementor-widget-divider\" data-id=\"53ab376\" data-element_type=\"widget\" data-widget_type=\"divider.default\">\n\t\t\t\t<div class=\"elementor-widget-container\">\n\t\t\t\t\t<div class=\"elementor-divider\">\n\t\t\t<span class=\"elementor-divider-separator\">\n\t\t\t\t\t\t<\/span>\n\t\t<\/div>\n\t\t\t\t<\/div>\n\t\t\t\t<\/div>\n\t\t\t\t<div class=\"elementor-element elementor-element-10c7c7df elementor-widget elementor-widget-heading\" data-id=\"10c7c7df\" data-element_type=\"widget\" data-widget_type=\"heading.default\">\n\t\t\t\t<div class=\"elementor-widget-container\">\n\t\t\t<h3 class=\"elementor-heading-title elementor-size-default\">Who are we?<\/h3>\t\t<\/div>\n\t\t\t\t<\/div>\n\t\t\t\t<div class=\"elementor-element elementor-element-677d32f5 elementor-widget elementor-widget-text-editor\" data-id=\"677d32f5\" data-element_type=\"widget\" data-widget_type=\"text-editor.default\">\n\t\t\t\t<div class=\"elementor-widget-container\">\n\t\t\t\t\t\t\t<p>Our name is not accidental. Team Red is a group of experienced and highly qualified experts in their fields. Our goal is to be flexible, fast-moving, and focused on delivering the end result. We often approach problems unconventionally and usually avoid typical solutions. We always try to question our patterns of action and thinking in order to offer you the best results of our cooperation.\u00a0<\/p><p>As a company, we focus on long-term cooperation based on partnership and transparency in our actions. We strive to explain each stage of the investment and expected results as clearly as possible. We give our contractors as much freedom as possible in their actions because we believe that no one understands the specifics of their work better than they do. At the same time, we release our partners from solving any problems unrelated to the technical aspects of the contracts being implemented.<\/p>\t\t\t\t\t\t<\/div>\n\t\t\t\t<\/div>\n\t\t\t\t\t<\/div>\n\t\t<\/div>\n\t\t\t\t<div class=\"elementor-column elementor-col-50 elementor-top-column elementor-element elementor-element-744268a4\" data-id=\"744268a4\" data-element_type=\"column\">\n\t\t\t<div class=\"elementor-widget-wrap elementor-element-populated\">\n\t\t\t\t\t\t\t\t<div class=\"elementor-element elementor-element-7687128a elementor-invisible elementor-widget elementor-widget-image\" data-id=\"7687128a\" data-element_type=\"widget\" data-settings=\"{&quot;_animation&quot;:&quot;bounceInRight&quot;}\" data-widget_type=\"image.default\">\n\t\t\t\t<div class=\"elementor-widget-container\">\n\t\t\t\t\t\t\t\t\t\t\t\t\t\t\t<img decoding=\"async\" src=\"https:\/\/teamred.pl\/wp-content\/uploads\/2019\/11\/paper-3213924_1920.jpg\" title=\"paper-3213924_1920\" alt=\"paper-3213924_1920\" loading=\"lazy\" \/>\t\t\t\t\t\t\t\t\t\t\t\t\t\t\t<\/div>\n\t\t\t\t<\/div>\n\t\t\t\t\t<\/div>\n\t\t<\/div>\n\t\t\t\t\t\t\t<\/div>\n\t\t<\/section>\n\t\t\t\t<section class=\"elementor-section elementor-top-section elementor-element elementor-element-2c6e818f elementor-section-content-middle elementor-section-boxed elementor-section-height-default elementor-section-height-default\" data-id=\"2c6e818f\" data-element_type=\"section\" id=\"Team\" data-settings=\"{&quot;background_background&quot;:&quot;classic&quot;}\">\n\t\t\t\t\t\t<div class=\"elementor-container elementor-column-gap-no\">\n\t\t\t\t\t<div class=\"elementor-column elementor-col-100 elementor-top-column elementor-element elementor-element-4759803b\" data-id=\"4759803b\" data-element_type=\"column\">\n\t\t\t<div class=\"elementor-widget-wrap elementor-element-populated\">\n\t\t\t\t\t\t\t\t<div class=\"elementor-element elementor-element-7ad2dfd4 elementor-widget elementor-widget-heading\" data-id=\"7ad2dfd4\" data-element_type=\"widget\" data-widget_type=\"heading.default\">\n\t\t\t\t<div class=\"elementor-widget-container\">\n\t\t\t<h4 class=\"elementor-heading-title elementor-size-default\">TEAM<\/h4>\t\t<\/div>\n\t\t\t\t<\/div>\n\t\t\t\t<div class=\"elementor-element elementor-element-1a57af84 elementor-widget elementor-widget-text-editor\" data-id=\"1a57af84\" data-element_type=\"widget\" data-widget_type=\"text-editor.default\">\n\t\t\t\t<div class=\"elementor-widget-container\">\n\t\t\t\t\t\t\t<p>Each one is different, yet we are all the same... Our personalities, characters, and skills set us apart. What unites us is the passion and determination with which we approach our tasks. What sets us apart is a flat organizational structure that is customer-focused, constantly improving processes, and no limits - impossible does not exist for us.<\/p>\t\t\t\t\t\t<\/div>\n\t\t\t\t<\/div>\n\t\t\t\t<div class=\"elementor-element elementor-element-942a6d2 elementor-widget-divider--view-line elementor-widget elementor-widget-divider\" data-id=\"942a6d2\" data-element_type=\"widget\" data-widget_type=\"divider.default\">\n\t\t\t\t<div class=\"elementor-widget-container\">\n\t\t\t\t\t<div class=\"elementor-divider\">\n\t\t\t<span class=\"elementor-divider-separator\">\n\t\t\t\t\t\t<\/span>\n\t\t<\/div>\n\t\t\t\t<\/div>\n\t\t\t\t<\/div>\n\t\t\t\t<section class=\"elementor-section elementor-inner-section elementor-element elementor-element-197ef265 elementor-section-boxed elementor-section-height-default elementor-section-height-default\" data-id=\"197ef265\" data-element_type=\"section\">\n\t\t\t\t\t\t<div class=\"elementor-container elementor-column-gap-default\">\n\t\t\t\t\t<div class=\"elementor-column elementor-col-50 elementor-inner-column elementor-element elementor-element-6427058f elementor-invisible\" data-id=\"6427058f\" data-element_type=\"column\" data-settings=\"{&quot;animation&quot;:&quot;fadeInUp&quot;}\">\n\t\t\t<div class=\"elementor-widget-wrap elementor-element-populated\">\n\t\t\t\t\t\t\t\t<div class=\"elementor-element elementor-element-f11c55c elementor-position-left elementor-vertical-align-middle elementor-widget elementor-widget-image-box\" data-id=\"f11c55c\" data-element_type=\"widget\" data-widget_type=\"image-box.default\">\n\t\t\t\t<div class=\"elementor-widget-container\">\n\t\t\t<div class=\"elementor-image-box-wrapper\"><figure class=\"elementor-image-box-img\"><img decoding=\"async\" width=\"179\" height=\"179\" src=\"https:\/\/teamred.pl\/wp-content\/uploads\/2020\/03\/bk.png\" class=\"attachment-full size-full wp-image-367\" alt=\"\" srcset=\"https:\/\/teamred.pl\/wp-content\/uploads\/2020\/03\/bk.png 179w, https:\/\/teamred.pl\/wp-content\/uploads\/2020\/03\/bk-150x150.png 150w\" sizes=\"(max-width: 179px) 100vw, 179px\" \/><\/figure><div class=\"elementor-image-box-content\"><h3 class=\"elementor-image-box-title\">Bart\u0142omiej Kimnes<\/h3><p class=\"elementor-image-box-description\">CHAIRMAN OF THE BOARD<\/p><\/div><\/div>\t\t<\/div>\n\t\t\t\t<\/div>\n\t\t\t\t<div class=\"elementor-element elementor-element-478b1936 elementor-widget elementor-widget-text-editor\" data-id=\"478b1936\" data-element_type=\"widget\" data-widget_type=\"text-editor.default\">\n\t\t\t\t<div class=\"elementor-widget-container\">\n\t\t\t\t\t\t\t<p>A graduate of the Computer Science program at the Faculty of Computer Science at the Poznan University of Technology. He has been involved in the consulting industry for over 10 years. He has completed projects related to data processing and business decision support based on data in the banking, insurance, marketing, production, automotive, and sales industries for the largest global corporations.<\/p>\t\t\t\t\t\t<\/div>\n\t\t\t\t<\/div>\n\t\t\t\t<div class=\"elementor-element elementor-element-662d44e elementor-widget-divider--view-line elementor-widget elementor-widget-divider\" data-id=\"662d44e\" data-element_type=\"widget\" data-widget_type=\"divider.default\">\n\t\t\t\t<div class=\"elementor-widget-container\">\n\t\t\t\t\t<div class=\"elementor-divider\">\n\t\t\t<span class=\"elementor-divider-separator\">\n\t\t\t\t\t\t<\/span>\n\t\t<\/div>\n\t\t\t\t<\/div>\n\t\t\t\t<\/div>\n\t\t\t\t\t<\/div>\n\t\t<\/div>\n\t\t\t\t<div class=\"elementor-column elementor-col-50 elementor-inner-column elementor-element elementor-element-7109b84d elementor-invisible\" data-id=\"7109b84d\" data-element_type=\"column\" data-settings=\"{&quot;animation&quot;:&quot;fadeInUp&quot;}\">\n\t\t\t<div class=\"elementor-widget-wrap elementor-element-populated\">\n\t\t\t\t\t\t\t\t<div class=\"elementor-element elementor-element-ce27ea3 elementor-position-left elementor-vertical-align-middle elementor-widget elementor-widget-image-box\" data-id=\"ce27ea3\" data-element_type=\"widget\" data-widget_type=\"image-box.default\">\n\t\t\t\t<div class=\"elementor-widget-container\">\n\t\t\t<div class=\"elementor-image-box-wrapper\"><figure class=\"elementor-image-box-img\"><img fetchpriority=\"high\" decoding=\"async\" width=\"427\" height=\"427\" src=\"https:\/\/teamred.pl\/wp-content\/uploads\/2019\/12\/karol-cropped.png\" class=\"attachment-full size-full wp-image-284\" alt=\"\" srcset=\"https:\/\/teamred.pl\/wp-content\/uploads\/2019\/12\/karol-cropped.png 427w, https:\/\/teamred.pl\/wp-content\/uploads\/2019\/12\/karol-cropped-300x300.png 300w, https:\/\/teamred.pl\/wp-content\/uploads\/2019\/12\/karol-cropped-150x150.png 150w\" sizes=\"(max-width: 427px) 100vw, 427px\" \/><\/figure><div class=\"elementor-image-box-content\"><h3 class=\"elementor-image-box-title\">Karol Siliwoniuk<\/h3><p class=\"elementor-image-box-description\">MEMBER OF THE BOARD<\/p><\/div><\/div>\t\t<\/div>\n\t\t\t\t<\/div>\n\t\t\t\t<div class=\"elementor-element elementor-element-30a5247a elementor-widget elementor-widget-text-editor\" data-id=\"30a5247a\" data-element_type=\"widget\" data-widget_type=\"text-editor.default\">\n\t\t\t\t<div class=\"elementor-widget-container\">\n\t\t\t\t\t\t\t<p>Graduate of the Academy of Physical Education in Pozna\u0144. A passionate enthusiast of American culture. For the last 12 years, he has been associated with sales in the FMCG, medical, mortgage, and insurance industries. For the last 2 years, he has been responsible for cooperation with key clients bidding in federal tenders. Experienced in managing projects delivering services for the US military in Poland.<\/p>\t\t\t\t\t\t<\/div>\n\t\t\t\t<\/div>\n\t\t\t\t<div class=\"elementor-element elementor-element-fc6d4d5 elementor-widget-divider--view-line elementor-widget elementor-widget-divider\" data-id=\"fc6d4d5\" data-element_type=\"widget\" data-widget_type=\"divider.default\">\n\t\t\t\t<div class=\"elementor-widget-container\">\n\t\t\t\t\t<div class=\"elementor-divider\">\n\t\t\t<span class=\"elementor-divider-separator\">\n\t\t\t\t\t\t<\/span>\n\t\t<\/div>\n\t\t\t\t<\/div>\n\t\t\t\t<\/div>\n\t\t\t\t\t<\/div>\n\t\t<\/div>\n\t\t\t\t\t\t\t<\/div>\n\t\t<\/section>\n\t\t\t\t\t<\/div>\n\t\t<\/div>\n\t\t\t\t\t\t\t<\/div>\n\t\t<\/section>\n\t\t\t\t\t\t\t<\/div>","protected":false},"excerpt":{"rendered":"<p>O NAS Kim jeste\u015bmy? Nasza nazwa nie jest przypadkowa. Team Red to zesp\u00f3\u0142 do\u015bwiadczonych i wysoko wykwalifikowanych ekspert\u00f3w w swoich dziedzinach. Za cel stawiamy sobie elastyczno\u015b\u0107, szybko\u015b\u0107 dzia\u0142ania i nastawienie na dostarczanie ko\u0144cowego efektu. Cz\u0119sto podchodzimy do problem\u00f3w niekonwencjonalnie i zazwyczaj stronimy od szablonowych rozwi\u0105za\u0144. Zawsze staramy si\u0119 kwestionowa\u0107 nasze schematy dzia\u0142ania i my\u015blenia tak [&hellip;]<\/p>","protected":false},"author":1,"featured_media":0,"parent":0,"menu_order":0,"comment_status":"closed","ping_status":"closed","template":"elementor_header_footer","meta":{"footnotes":""},"_links":{"self":[{"href":"https:\/\/teamred.pl\/en\/wp-json\/wp\/v2\/pages\/461"}],"collection":[{"href":"https:\/\/teamred.pl\/en\/wp-json\/wp\/v2\/pages"}],"about":[{"href":"https:\/\/teamred.pl\/en\/wp-json\/wp\/v2\/types\/page"}],"author":[{"embeddable":true,"href":"https:\/\/teamred.pl\/en\/wp-json\/wp\/v2\/users\/1"}],"replies":[{"embeddable":true,"href":"https:\/\/teamred.pl\/en\/wp-json\/wp\/v2\/comments?post=461"}],"version-history":[{"count":19,"href":"https:\/\/teamred.pl\/en\/wp-json\/wp\/v2\/pages\/461\/revisions"}],"predecessor-version":[{"id":731,"href":"https:\/\/teamred.pl\/en\/wp-json\/wp\/v2\/pages\/461\/revisions\/731"}],"wp:attachment":[{"href":"https:\/\/teamred.pl\/en\/wp-json\/wp\/v2\/media?parent=461"}],"curies":[{"name":"wp","href":"https:\/\/api.w.org\/{rel}","templated":true}]}}